{"id":182,"date":"2017-07-07T00:37:20","date_gmt":"2017-07-07T00:37:20","guid":{"rendered":"https:\/\/multiforesee.com\/?page_id=182"},"modified":"2020-06-23T10:43:45","modified_gmt":"2020-06-23T08:43:45","slug":"ca16101-members-publications","status":"publish","type":"page","link":"https:\/\/multiforesee.com\/ca16101-members-publications\/","title":{"rendered":"CA16101 Members Publications"},"content":{"rendered":"<p>2020<\/p>\n<ul>\n<li>\n<div class=\"accordion-tabbed__tab-mobile  accordion__closed\"><strong>Ay\u015feg\u00fcl Erdo\u011fan<\/strong>,\u00a0<i class=\"icon-mail_outline\" aria-hidden=\"true\"><\/i>Meral Esen,\u00a0Robin Simpson, &#8220;<span style=\"font-size: inherit;\"><strong>Chemical Imaging of Human Fingermark by X\u2010ray Photoelectron Spectroscopy (XPS)<\/strong>&#8220;, Journal of Forensic Sciences, 2020 (<a href=\"https:\/\/onlinelibrary.wiley.com\/doi\/epdf\/10.1111\/1556-4029.14483\">link<\/a>)<\/span><\/div>\n<\/li>\n<\/ul>\n<p>2019<\/p>\n<div class=\"page\" title=\"Page 1\">\n<div class=\"layoutArea\">\n<div class=\"column\">\n<div class=\"page\" title=\"Page 1\">\n<div class=\"layoutArea\">\n<div class=\"column\">\n<ul>\n<li>\n<p class=\"article_header-title\"><span class=\"hlFld-ContribAuthor\" style=\"color: #191e23; font-size: 16px;\">Katherine Louise Moore,\u00a0<\/span><span class=\"hlFld-ContribAuthor\" style=\"color: #191e23; font-size: 16px;\">Marko Barac,\u00a0<\/span><span class=\"hlFld-ContribAuthor\" style=\"color: #191e23; font-size: 16px;\">Marko Brajkovi\u0107,\u00a0<\/span><span class=\"hlFld-ContribAuthor\" style=\"color: #191e23; font-size: 16px;\">Melanie Jane Bailey,\u00a0<\/span><span class=\"hlFld-ContribAuthor\" style=\"color: #191e23; font-size: 16px;\">Zdravko Siketi\u0107,\u00a0<\/span><span class=\"hlFld-ContribAuthor\" style=\"color: #191e23; font-size: 16px;\"><span class=\"hlFld-ContribAuthor\"><span class=\"hlFld-ContribAuthor\">Iva Bogdanovi\u0107 Radovi\u0107<strong>*, &#8220;<span class=\"hlFld-Title\" style=\"font-size: inherit;\">Determination of Deposition\u00a0<\/span><strong style=\"font-size: inherit;\"><span style=\"font-size: inherit;\">Order of Toners, Inkjet Inks, and Blue Ballpoint Pen Combining MeV-Secondary Ion Mass Spectrometry and Particle Induced X-ray Emission<\/span><\/strong><\/strong><\/span><\/span><\/span><span class=\"hlFld-ContribAuthor\"><strong>&#8220;, <i>Anal. Chem.<\/i>2019<\/strong><\/span><\/p>\n<\/li>\n<\/ul>\n<\/div>\n<\/div>\n<\/div>\n<\/div>\n<\/div>\n<\/div>\n<pre>2018<\/pre>\n<div class=\"page\" title=\"Page 1\">\n<div class=\"layoutArea\">\n<div class=\"column\">\n<div class=\"page\" title=\"Page 1\">\n<div class=\"layoutArea\">\n<div class=\"column\">\n<ul>\n<li>Fabiola Becerra-Riera, Nelson M\u00e9ndez Llanes, Annette Morales-Gonz\u00e1lez, Heydi M\u00e9ndez-V\u00e1zquez, <strong>Massimo Tistarelli<\/strong>, &#8220;On Combining Face Local Appearance and Geometrical Features for Race Classification&#8221;, Proc. of Iberoamerican Congress on Pattern Recognition, Springer, 2018, pp. pp 567-574 (<a href=\"https:\/\/link.springer.com\/chapter\/10.1007\/978-3-030-13469-3_66\">link<\/a>)<\/li>\n<li>Michele Nappi, Stefano Ricciardi, <strong>Massimo Tistarelli<\/strong>, &#8220;Context awareness in biometric systems and methods: State of the art and future scenarios&#8221;, Image and Vision Computing, 76, 2018, pp.27-37 (<a href=\"https:\/\/www.sciencedirect.com\/science\/article\/pii\/S0262885618300660\">link<\/a>)<\/li>\n<li>Souad Khellat-Kihel, Andrea Lagorio, <strong>Massimo Tistarelli<\/strong>, &#8220;Face recognition \u201con the move\u201d combining incomplete information&#8221;, Proc. of 2018 International Workshop on Biometrics and Forensics (IWBF), 2018, pp.1-6 (<a href=\"https:\/\/ieeexplore.ieee.org\/abstract\/document\/8401559\">link<\/a>)<\/li>\n<li>Kien Nguyen, Clinton Fookes, Sridha Sridharan, <strong>Massimo Tistarelli<\/strong>, Mark Nixon, &#8220;Super-resolution for biometrics: A comprehensive survey&#8221;, Pattern Recognition, 2018, 78, pp 23-42 (<a href=\"https:\/\/www.sciencedirect.com\/science\/article\/pii\/S0031320318300049\">link<\/a>)<\/li>\n<li>Yoanna Mart\u00ednez-D\u00edaz, Heydi M\u00e9ndez-V\u00e1zquez, Leyanis L\u00f3pez-Avila, Leonardo Chang, L Enrique Sucar, <strong>Massimo Tistarelli<\/strong>, &#8220;Toward More Realistic Face Recognition Evaluation Protocols for the YouTube Faces Database&#8221;, Proceedings of the IEEE Conference on Computer Vision and Pattern Recognition Workshops 2018, pp 413-421 (<a href=\"http:\/\/openaccess.thecvf.com\/content_cvpr_2018_workshops\/w11\/html\/Martinez-Diaz_Toward_More_Realistic_CVPR_2018_paper.html\">link<\/a>)<\/li>\n<li>L. Deiningera, <strong>S. Francese<\/strong>, M.R. Clench, G. Langenburg, V. Sears, C. Sammon, &#8220;Investigation of infinite focus microscopy for the determination of the association of blood with fingermarks&#8221;, Science &amp; Justice (2018) (<a href=\"https:\/\/www.sciencedirect.com\/science\/article\/pii\/S1355030618300200\">link<\/a>)<\/li>\n<li><strong>M. Algarra<\/strong>, D. Bartoli\u0107, K. Radoti\u0107, D. Mutavd\u017ei\u0107, M. Soledad Pino-Gonz\u00e1lez, E. Rodr\u00edguez-Castell\u00f3na, J.M. L\u00e1zaro-Mart\u00ednez, J.J. Guerrero-Gonz\u00e1lez, J.C.G. Esteves da Silva, J. Jim\u00e9nez-Jim\u00e9nez. &#8220;P-doped carbon nano-powders for fingerprint imaging&#8221;,\u00a0Journal TALANTA vol. 194, pp. 150-157 (<a href=\"https:\/\/www.sciencedirect.com\/science\/article\/pii\/S0039914018310543\">link<\/a>)<\/li>\n<li>M. Malloy, <strong>I. Bogdanovi\u0107 Radovi\u0107<\/strong>, Z. Siketi\u0107, M. Jak\u0161i\u0107, Determination of deposition order of blue ballpoint pen lines by MeV SIMS, Forensic Chemistry 7 (2018) 75 (<a href=\"https:\/\/pdfs.semanticscholar.org\/73d4\/80fb2770fc1de7aadfa679fc304184535a33.pdf\">link<\/a>)<\/li>\n<\/ul>\n<\/div>\n<\/div>\n<\/div>\n<\/div>\n<\/div>\n<\/div>\n<pre>2017<\/pre>\n<ul>\n<li><strong>J.Spigulis<\/strong>, \u201cMultispectral, fluorescent and photoplethysmographic imaging for remote skin assessment\u201d, <i>Sensors<\/i>, <b>17<\/b>, 1165 (2017) (<a href=\"https:\/\/www.ncbi.nlm.nih.gov\/pubmed\/28534815\">link<\/a>)<\/li>\n<li><strong>M. Pleva<\/strong>, P. Bours, S. Ondas and J. Juhar, &#8220;Improving static audio keystroke analysis by score fusion of acoustic and timing data&#8221;,\u00a0<span class=\"m_-3745746097200989354rvts9\">Multimedia Tools and Applications,\u00a0<\/span>Volume 76, Issue 24, pp. 25749-25766, Dec. 2017, <strong>DOI:<\/strong>\u00a0https:\/\/doi.org\/10.1007\/s11042-017-4571-7\u00a0(<a href=\"https:\/\/link.springer.com\/article\/10.1007\/s11042-017-4571-7\">link<\/a>)<\/li>\n<li><strong>I. Bogdanovi\u0107 Radovi\u0107<\/strong>, Z. Siketi\u0107, D. Jembrih-Simb\u00fcrger, N. Markovi\u0107, M. Anghelone, V. Stoytschew, M. Jak\u0161i\u0107, Identification and imaging of modern paints using Secondary Ion Mass Spectrometry with MeV ions, Nucl. Instr. and Meth. B 406 (2017) 296 (<a href=\"https:\/\/www.sciencedirect.com\/science\/article\/pii\/S0168583X17300071\">link<\/a>)<\/li>\n<\/ul>\n","protected":false},"excerpt":{"rendered":"<p>2020 Ay\u015feg\u00fcl Erdo\u011fan,\u00a0Meral Esen,\u00a0Robin Simpson, &#8220;Chemical Imaging of Human Fingermark by X\u2010ray Photoelectron Spectroscopy (XPS)&#8220;, Journal of Forensic Sciences, 2020 (link) 2019 Katherine Louise Moore,\u00a0Marko Barac,\u00a0Marko Brajkovi\u0107,\u00a0Melanie Jane Bailey,\u00a0Zdravko Siketi\u0107,\u00a0Iva Bogdanovi\u0107 Radovi\u0107*, &#8220;Determination of Deposition\u00a0Order of Toners, Inkjet Inks, and Blue Ballpoint Pen Combining MeV-Secondary Ion Mass Spectrometry and Particle Induced X-ray Emission&#8220;, Anal. Chem.2019 [&hellip;]<\/p>\n","protected":false},"author":2,"featured_media":0,"parent":0,"menu_order":0,"comment_status":"closed","ping_status":"closed","template":"","meta":{"advanced_seo_description":"","spay_email":"","_starter_page_template":""},"jetpack_sharing_enabled":true,"jetpack_shortlink":"https:\/\/wp.me\/P8Nk0y-2W","jetpack_likes_enabled":false,"amp_validity":null,"amp_enabled":true,"_links":{"self":[{"href":"https:\/\/multiforesee.com\/wp-json\/wp\/v2\/pages\/182"}],"collection":[{"href":"https:\/\/multiforesee.com\/wp-json\/wp\/v2\/pages"}],"about":[{"href":"https:\/\/multiforesee.com\/wp-json\/wp\/v2\/types\/page"}],"author":[{"embeddable":true,"href":"https:\/\/multiforesee.com\/wp-json\/wp\/v2\/users\/2"}],"replies":[{"embeddable":true,"href":"https:\/\/multiforesee.com\/wp-json\/wp\/v2\/comments?post=182"}],"version-history":[{"count":23,"href":"https:\/\/multiforesee.com\/wp-json\/wp\/v2\/pages\/182\/revisions"}],"predecessor-version":[{"id":4040,"href":"https:\/\/multiforesee.com\/wp-json\/wp\/v2\/pages\/182\/revisions\/4040"}],"wp:attachment":[{"href":"https:\/\/multiforesee.com\/wp-json\/wp\/v2\/media?parent=182"}],"curies":[{"name":"wp","href":"https:\/\/api.w.org\/{rel}","templated":true}]}}