{"id":183,"date":"2017-07-07T00:37:23","date_gmt":"2017-07-07T00:37:23","guid":{"rendered":"https:\/\/multiforesee.com\/?page_id=183"},"modified":"2020-10-19T18:17:49","modified_gmt":"2020-10-19T16:17:49","slug":"multiforesee-publications","status":"publish","type":"page","link":"https:\/\/multiforesee.com\/multiforesee-publications\/","title":{"rendered":"MULTIFORESEE Publications"},"content":{"rendered":"<p>2020<\/p>\n<ul>\n<li><strong>N. Sklavos, S. Francese<\/strong>, &#8220;MULTI-modal Imaging of FOREnsic SciEnce Evidence: MULTI-FORESEE Project&#8221;, proceedings of 23th EUROMICRO Conference on Digital System Design, Architectures, Methods, Tools (DSD&#8217;20), Slovenia, August 26\u201328, 2020 (<a href=\"https:\/\/ieeexplore.ieee.org\/document\/9217796\">link<\/a>)<\/li>\n<\/ul>\n<p>2019<\/p>\n<ul>\n<li>M. Pantopoulou, <strong>N. Sklavos, I. Ognjanovi\u0107<\/strong>,\u00a0&#8220;On the Hardware Implementation Performance, of Face Recognition Techniques, for Digital Forensics&#8221;, In: Thampi S., Martinez Perez G., Ko R., Rawat D. (eds) Security in Computing and Communications. SSCC 2019. Communications in Computer and Information Science, vol 1208. Springer, Singapore\u00a0(<a href=\"https:\/\/link.springer.com\/chapter\/10.1007\/978-981-15-4825-3_22\">link<\/a>)<\/li>\n<li>K.L. Moore, M. Barac, M. Brajkovi\u0107, M.J. Bailey, Z. Siketi\u0107 and <strong>I. Bogdanovi\u0107 Radovi\u0107<\/strong>, &#8220;Determination of Deposition Order of Toners, Inkjet Inks, and Blue\u00a0Ballpoint Pen Combining MeV-Secondary Ion Mass Spectrometry\u00a0and Particle Induced X\u2011ray Emission&#8221;,\u00a0Analytical Chemistry 91 (2019) 12997-13005 (<a href=\"https:\/\/pubs.acs.org\/doi\/10.1021\/acs.analchem.9b03058\">link<\/a>)<\/li>\n<li>Fabio Valerio Massoli, Giuseppe Amato, Fabrizio Falchi, Claudio Gennaro, and <strong>Claudio Vairo<\/strong>, &#8220;Improving Multi-Scale Face Recognition using VGGFace2&#8221;, 20th\u00a0International Conference on Image Analysis and Processing (ICIAP 2019) (<a href=\"https:\/\/link.springer.com\/chapter\/10.1007\/978-3-030-30754-7_3\">link<\/a>)<\/li>\n<li><span style=\"color: #191e23; font-family: 'Noto Serif'; font-size: 16px;\">Giuseppe Amato,\u00a0Fabrizio Falchi,\u00a0Claudio Gennaro,\u00a0Fabio Valerio Massoli,\u00a0Nikolaos Passalis,\u00a0Anastasios Tefas,\u00a0<\/span><strong style=\"color: #191e23; font-family: 'Noto Serif'; font-size: 16px;\">Alessandro Trivillini<\/strong><span style=\"color: #191e23; font-family: 'Noto Serif'; font-size: 16px;\">, <\/span><strong style=\"color: #191e23; font-family: 'Noto Serif'; font-size: 16px;\">Claudio Vairo<\/strong><span style=\"font-size: inherit;\">, &#8220;Face Verification and Recognition for Digital Forensics and Information Security&#8221;, IEEE 7th International Symposium on Digital Forensic and Security (ISDFS 2019), June 10-12, 2019, Barcelos, Portugal (link) <em><span style=\"color: #993300;\">\/\/ result of collaborative efforts within the Action following a round robin study conducted by WG2<\/span><\/em><\/span><\/li>\n<li><span class=\"content\"><span class=\"text given-name\">I<strong>vana\u00a0<\/strong><\/span><span class=\"text surname\"><strong>Milenkovic<\/strong>, <span class=\"text given-name\">Manuel\u00a0<\/span>Algarra, <span class=\"text given-name\">Cristina\u00a0<\/span>Alcoholado, <span class=\"text given-name\">Manuel\u00a0<\/span>Cifuentes, <span class=\"text given-name\">Juan M.<\/span>L\u00e1zaro-Mart\u00ednez, <span class=\"text given-name\">Enrique\u00a0<\/span>Rodr\u00edguez-Castell\u00f3, <span class=\"text given-name\">Dragosav\u00a0<\/span>Mutavd\u017ei\u0107, <span class=\"text given-name\">Ksenija\u00a0<\/span>Radoti\u0107, <span class=\"text given-name\">Teresa J.<\/span>Bandosz,\u00a0<\/span><\/span>&#8220;Fingerprint imaging using <em>N<\/em>-doped carbon dots&#8221;, Carbon, Volume 144, April 2019, Pages 791-797\u00a0(2019) (<a href=\"https:\/\/www.sciencedirect.com\/science\/article\/pii\/S0008622318312429\">link<\/a>)<\/li>\n<\/ul>\n<p>2018<\/p>\n<ul>\n<li>Giuseppe Amato,\u00a0Fabrizio Falchi,\u00a0Claudio Gennaro,\u00a0Claudio Vairo,\u00a0<a class=\"a3\" href=\"http:\/\/www.thinkmind.org\/download.php?articleid=mmedia_2018_1_10_50010\">&#8220;A Comparison of Face Verification with Facial Landmarks and Deep Features&#8221;<\/a>, MMEDIA 2018, The Tenth International Conference on Advances in Multimedia, Athens, Greece (<a href=\"http:\/\/www.thinkmind.org\/index.php?view=article&amp;articleid=mmedia_2018_1_10_50010\">link<\/a>)<\/li>\n<\/ul>\n","protected":false},"excerpt":{"rendered":"<p>2020 N. Sklavos, S. Francese, &#8220;MULTI-modal Imaging of FOREnsic SciEnce Evidence: MULTI-FORESEE Project&#8221;, proceedings of 23th EUROMICRO Conference on Digital System Design, Architectures, Methods, Tools (DSD&#8217;20), Slovenia, August 26\u201328, 2020 (link) 2019 M. Pantopoulou, N. Sklavos, I. Ognjanovi\u0107,\u00a0&#8220;On the Hardware Implementation Performance, of Face Recognition Techniques, for Digital Forensics&#8221;, In: Thampi S., Martinez Perez G., [&hellip;]<\/p>\n","protected":false},"author":2,"featured_media":0,"parent":0,"menu_order":0,"comment_status":"closed","ping_status":"closed","template":"","meta":{"advanced_seo_description":"","spay_email":"","_starter_page_template":""},"jetpack_sharing_enabled":true,"jetpack_shortlink":"https:\/\/wp.me\/P8Nk0y-2X","jetpack_likes_enabled":false,"amp_validity":null,"amp_enabled":true,"_links":{"self":[{"href":"https:\/\/multiforesee.com\/wp-json\/wp\/v2\/pages\/183"}],"collection":[{"href":"https:\/\/multiforesee.com\/wp-json\/wp\/v2\/pages"}],"about":[{"href":"https:\/\/multiforesee.com\/wp-json\/wp\/v2\/types\/page"}],"author":[{"embeddable":true,"href":"https:\/\/multiforesee.com\/wp-json\/wp\/v2\/users\/2"}],"replies":[{"embeddable":true,"href":"https:\/\/multiforesee.com\/wp-json\/wp\/v2\/comments?post=183"}],"version-history":[{"count":11,"href":"https:\/\/multiforesee.com\/wp-json\/wp\/v2\/pages\/183\/revisions"}],"predecessor-version":[{"id":24337,"href":"https:\/\/multiforesee.com\/wp-json\/wp\/v2\/pages\/183\/revisions\/24337"}],"wp:attachment":[{"href":"https:\/\/multiforesee.com\/wp-json\/wp\/v2\/media?parent=183"}],"curies":[{"name":"wp","href":"https:\/\/api.w.org\/{rel}","templated":true}]}}